{"id":560,"date":"2024-06-12T04:06:58","date_gmt":"2024-06-12T08:06:58","guid":{"rendered":"https:\/\/indicamarketinggroup.com\/?page_id=560"},"modified":"2024-09-11T23:39:51","modified_gmt":"2024-09-12T03:39:51","slug":"accueil","status":"publish","type":"page","link":"https:\/\/indicamarketinggroup.com\/fr\/","title":{"rendered":"Accueil"},"content":{"rendered":"<section id=\"block-fe1a907f1591ec73\" class=\"block block-hero-1 lazyload\" data-bg=\"https:\/\/indicamarketinggroup.com\/wp-content\/uploads\/2024\/07\/hero-banner-scaled.avif\">\n        <div class=\"container block-hero-1--container theme-light\">\n        <div class=\"block-hero-1--body\">\n            \n            <h1 class=\"block-hero-1--heading\">\u00c9tablir des partenariats.<\/br>Stimuler la croissance.<\/h1>\n\n                            <div class=\"block-hero-1--intro entry-content\"><p>Indica Marketing Group met en relation des centaines de distributeurs de fournitures industrielles, de construction et de s\u00e9curit\u00e9 de partout en Am\u00e9rique du Nord avec nos partenaires fournisseurs.<\/p>\n<p>Nous stimulons la croissance gr\u00e2ce \u00e0 nos programmes bas\u00e9s sur le volume et \u00e0 nos opportunit\u00e9s promotionnelles, tous ax\u00e9s sur l\u2019augmentation de la rentabilit\u00e9 de nos membres distributeurs et l\u2019augmentation de la part de march\u00e9 de nos partenaires fournisseurs.<\/p>\n<\/div>\n            \n                            <div class=\"block-hero-1--buttons\">\n                                                                                            <a class=\"btn  btn--primary block-hero-1--btn\" href=\"https:\/\/indicamarketinggroup.com\/fr\/partenaires-fournisseurs\/\" title=\"Partenaires fournisseurs\" target=\"\">\n                            Partenaires fournisseurs                        <\/a>\n                                                                                            <a class=\"btn  btn--reversed block-hero-1--btn\" href=\"https:\/\/indicamarketinggroup.com\/fr\/membres-distributeurs\/\" title=\"Membres distributeurs\" target=\"\">\n                            Membres distributeurs                        <\/a>\n                                    <\/div>\n                    <\/div>\n    <\/div>\n\n    <style>\n        @media (min-width: 60em) {\n            #block-fe1a907f1591ec73 .block-hero-1--body {\n                                            }\n        }\n    <\/style>\n<\/section>\n","protected":false},"excerpt":{"rendered":"","protected":false},"author":3,"featured_media":0,"parent":0,"menu_order":0,"comment_status":"closed","ping_status":"open","template":"","meta":{"_acf_changed":true,"footnotes":""},"class_list":["post-560","page","type-page","status-publish","hentry"],"acf":[],"yoast_head":"<!-- This site is optimized with the Yoast SEO plugin v25.4 - https:\/\/yoast.com\/wordpress\/plugins\/seo\/ -->\n<title>Accueil - Indica<\/title>\n<meta name=\"robots\" content=\"index, follow, max-snippet:-1, max-image-preview:large, max-video-preview:-1\" \/>\n<link rel=\"canonical\" href=\"https:\/\/indicamarketinggroup.com\/fr\/\" \/>\n<meta property=\"og:locale\" content=\"fr_FR\" \/>\n<meta property=\"og:type\" content=\"article\" \/>\n<meta property=\"og:title\" content=\"Accueil - Indica\" \/>\n<meta property=\"og:url\" content=\"https:\/\/indicamarketinggroup.com\/fr\/\" \/>\n<meta property=\"og:site_name\" content=\"Indica\" \/>\n<meta property=\"article:modified_time\" content=\"2024-09-12T03:39:51+00:00\" \/>\n<meta name=\"twitter:card\" content=\"summary_large_image\" \/>\n<script type=\"application\/ld+json\" class=\"yoast-schema-graph\">{\"@context\":\"https:\/\/schema.org\",\"@graph\":[{\"@type\":\"WebPage\",\"@id\":\"https:\/\/indicamarketinggroup.com\/fr\/\",\"url\":\"https:\/\/indicamarketinggroup.com\/fr\/\",\"name\":\"Accueil - Indica\",\"isPartOf\":{\"@id\":\"https:\/\/indicamarketinggroup.com\/fr\/#website\"},\"datePublished\":\"2024-06-12T08:06:58+00:00\",\"dateModified\":\"2024-09-12T03:39:51+00:00\",\"breadcrumb\":{\"@id\":\"https:\/\/indicamarketinggroup.com\/fr\/#breadcrumb\"},\"inLanguage\":\"fr-FR\",\"potentialAction\":[{\"@type\":\"ReadAction\",\"target\":[\"https:\/\/indicamarketinggroup.com\/fr\/\"]}]},{\"@type\":\"BreadcrumbList\",\"@id\":\"https:\/\/indicamarketinggroup.com\/fr\/#breadcrumb\",\"itemListElement\":[{\"@type\":\"ListItem\",\"position\":1,\"name\":\"Home\",\"item\":\"https:\/\/indicamarketinggroup.com\/fr\/\"},{\"@type\":\"ListItem\",\"position\":2,\"name\":\"Accueil\"}]},{\"@type\":\"WebSite\",\"@id\":\"https:\/\/indicamarketinggroup.com\/fr\/#website\",\"url\":\"https:\/\/indicamarketinggroup.com\/fr\/\",\"name\":\"Indica\",\"description\":\"\",\"potentialAction\":[{\"@type\":\"SearchAction\",\"target\":{\"@type\":\"EntryPoint\",\"urlTemplate\":\"https:\/\/indicamarketinggroup.com\/fr\/?s={search_term_string}\"},\"query-input\":{\"@type\":\"PropertyValueSpecification\",\"valueRequired\":true,\"valueName\":\"search_term_string\"}}],\"inLanguage\":\"fr-FR\"}]}<\/script>\n<!-- \/ Yoast SEO plugin. -->","yoast_head_json":{"title":"Accueil - Indica","robots":{"index":"index","follow":"follow","max-snippet":"max-snippet:-1","max-image-preview":"max-image-preview:large","max-video-preview":"max-video-preview:-1"},"canonical":"https:\/\/indicamarketinggroup.com\/fr\/","og_locale":"fr_FR","og_type":"article","og_title":"Accueil - Indica","og_url":"https:\/\/indicamarketinggroup.com\/fr\/","og_site_name":"Indica","article_modified_time":"2024-09-12T03:39:51+00:00","twitter_card":"summary_large_image","schema":{"@context":"https:\/\/schema.org","@graph":[{"@type":"WebPage","@id":"https:\/\/indicamarketinggroup.com\/fr\/","url":"https:\/\/indicamarketinggroup.com\/fr\/","name":"Accueil - Indica","isPartOf":{"@id":"https:\/\/indicamarketinggroup.com\/fr\/#website"},"datePublished":"2024-06-12T08:06:58+00:00","dateModified":"2024-09-12T03:39:51+00:00","breadcrumb":{"@id":"https:\/\/indicamarketinggroup.com\/fr\/#breadcrumb"},"inLanguage":"fr-FR","potentialAction":[{"@type":"ReadAction","target":["https:\/\/indicamarketinggroup.com\/fr\/"]}]},{"@type":"BreadcrumbList","@id":"https:\/\/indicamarketinggroup.com\/fr\/#breadcrumb","itemListElement":[{"@type":"ListItem","position":1,"name":"Home","item":"https:\/\/indicamarketinggroup.com\/fr\/"},{"@type":"ListItem","position":2,"name":"Accueil"}]},{"@type":"WebSite","@id":"https:\/\/indicamarketinggroup.com\/fr\/#website","url":"https:\/\/indicamarketinggroup.com\/fr\/","name":"Indica","description":"","potentialAction":[{"@type":"SearchAction","target":{"@type":"EntryPoint","urlTemplate":"https:\/\/indicamarketinggroup.com\/fr\/?s={search_term_string}"},"query-input":{"@type":"PropertyValueSpecification","valueRequired":true,"valueName":"search_term_string"}}],"inLanguage":"fr-FR"}]}},"_links":{"self":[{"href":"https:\/\/indicamarketinggroup.com\/fr\/wp-json\/wp\/v2\/pages\/560","targetHints":{"allow":["GET"]}}],"collection":[{"href":"https:\/\/indicamarketinggroup.com\/fr\/wp-json\/wp\/v2\/pages"}],"about":[{"href":"https:\/\/indicamarketinggroup.com\/fr\/wp-json\/wp\/v2\/types\/page"}],"author":[{"embeddable":true,"href":"https:\/\/indicamarketinggroup.com\/fr\/wp-json\/wp\/v2\/users\/3"}],"replies":[{"embeddable":true,"href":"https:\/\/indicamarketinggroup.com\/fr\/wp-json\/wp\/v2\/comments?post=560"}],"version-history":[{"count":0,"href":"https:\/\/indicamarketinggroup.com\/fr\/wp-json\/wp\/v2\/pages\/560\/revisions"}],"wp:attachment":[{"href":"https:\/\/indicamarketinggroup.com\/fr\/wp-json\/wp\/v2\/media?parent=560"}],"curies":[{"name":"wp","href":"https:\/\/api.w.org\/{rel}","templated":true}]}}