{"id":561,"date":"2024-06-12T04:40:25","date_gmt":"2024-06-12T08:40:25","guid":{"rendered":"https:\/\/indicamarketinggroup.com\/?page_id=561"},"modified":"2024-09-24T13:51:46","modified_gmt":"2024-09-24T17:51:46","slug":"a-propos-de-nous","status":"publish","type":"page","link":"https:\/\/indicamarketinggroup.com\/fr\/a-propos-de-nous\/","title":{"rendered":"\u00c0 propos de nous"},"content":{"rendered":"<section id=\"block-fe1a907f1591ec73\" class=\"block block-hero-2 lazyload\" data-bg=\"https:\/\/indicamarketinggroup.com\/wp-content\/uploads\/2024\/07\/Frame-101-scaled.avif\">\n    <div class=\"container block-hero-2--container theme-light\">\n        <div class=\"block-hero-2--body\">\n            <h1 class=\"block-hero-2--heading\">\u00c0 propos de nous<\/h1>\n        <\/div>\n    <\/div>\n\n    <style>\n        #block-fe1a907f1591ec73 {\n                                }\n    <\/style>\n<\/section>\n\n\n<section id=\"block-8a9ccb6f7da77e2a\" class=\"block block-flip-grid-2 block-flip-grid-2--image-right\">\n    <div class=\"container\">\n        <div class=\"block-flip-grid-2--grid\">\n                            <div class=\"block-flip-grid-2--image\" data-aos=\"fade-in\" data-aos-delay=\"0\">\n                                            <noscript><img decoding=\"async\" width=\"2560\" height=\"1849\" src=\"https:\/\/indicamarketinggroup.com\/wp-content\/uploads\/2024\/08\/indica-heat-map-scaled.avif\" class alt srcset=\"https:\/\/indicamarketinggroup.com\/wp-content\/uploads\/2024\/08\/indica-heat-map-scaled.avif 2560w, https:\/\/indicamarketinggroup.com\/wp-content\/uploads\/2024\/08\/indica-heat-map-300x217.avif 300w, https:\/\/indicamarketinggroup.com\/wp-content\/uploads\/2024\/08\/indica-heat-map-1024x740.avif 1024w, https:\/\/indicamarketinggroup.com\/wp-content\/uploads\/2024\/08\/indica-heat-map-768x555.avif 768w, https:\/\/indicamarketinggroup.com\/wp-content\/uploads\/2024\/08\/indica-heat-map-1536x1109.avif 1536w, https:\/\/indicamarketinggroup.com\/wp-content\/uploads\/2024\/08\/indica-heat-map-2048x1479.avif 2048w\" sizes=\"(max-width: 2560px) 100vw, 2560px\"><\/noscript><img decoding=\"async\" width=\"2560\" height=\"1849\" src=\"data:image\/svg+xml,%3Csvg%20xmlns%3D%22http%3A%2F%2Fwww.w3.org%2F2000%2Fsvg%22%20viewBox%3D%220%200%202560%201849%22%3E%3C%2Fsvg%3E\" class=\" lazyload\" alt srcset=\"data:image\/svg+xml,%3Csvg%20xmlns%3D%22http%3A%2F%2Fwww.w3.org%2F2000%2Fsvg%22%20viewBox%3D%220%200%202560%201849%22%3E%3C%2Fsvg%3E 2560w\" sizes=\"(max-width: 2560px) 100vw, 2560px\" data-srcset=\"https:\/\/indicamarketinggroup.com\/wp-content\/uploads\/2024\/08\/indica-heat-map-scaled.avif 2560w, https:\/\/indicamarketinggroup.com\/wp-content\/uploads\/2024\/08\/indica-heat-map-300x217.avif 300w, https:\/\/indicamarketinggroup.com\/wp-content\/uploads\/2024\/08\/indica-heat-map-1024x740.avif 1024w, https:\/\/indicamarketinggroup.com\/wp-content\/uploads\/2024\/08\/indica-heat-map-768x555.avif 768w, https:\/\/indicamarketinggroup.com\/wp-content\/uploads\/2024\/08\/indica-heat-map-1536x1109.avif 1536w, https:\/\/indicamarketinggroup.com\/wp-content\/uploads\/2024\/08\/indica-heat-map-2048x1479.avif 2048w\" data-src=\"https:\/\/indicamarketinggroup.com\/wp-content\/uploads\/2024\/08\/indica-heat-map-scaled.avif\">                                    <\/div>\n            \n                            <div class=\"block-flip-grid-2--content\" data-aos=\"fade-in\" data-aos-delay=\"300\">\n                    <div class=\"entry-content\">\n                        <h2>Qui nous sommes<\/h2>\n<p>Chez Indica, nous travaillons en \u00e9troite collaboration avec tous nos partenaires pour \u00e9tablir des relations, renforcer les communications et stimuler les affaires.<\/p>\n<p>Nous r\u00e9unissons nos membres distributeurs et nos partenaires fournisseurs avec un seul objectif : cr\u00e9er des programmes con\u00e7us pour augmenter la rentabilit\u00e9 et la part de march\u00e9.<\/p>\n<p>Profitez de notre r\u00e9seau de plus de 500 membres distributeurs, repr\u00e9sentant plus de 1 900 emplacements en Am\u00e9rique du Nord, et de nos partenariats avec plus de 200 fournisseurs.<\/p>\n                    <\/div>\n\n                                    <\/div>\n                    <\/div>\n    <\/div>\n\n    <style>\n        @media (min-width: 60em) {\n            #block-8a9ccb6f7da77e2a .block-flip-grid-2--grid {\n                                padding-bottom: 36px;            }\n        }\n    <\/style>\n<\/section>\n\n\n<section id=\"block-90df02b4cb2b907c\" class=\"block block-flip-grid-1 block-flip-grid-1--image-left block-flip-grid-1--bg-colour2\">\n    <div class=\"block-flip-grid-1--grid\">\n                    <div class=\"block-flip-grid-1--column block-flip-grid-1--image align-items-center\" data-aos=\"fade-in\" data-aos-delay=\"0\">\n                <noscript><img decoding=\"async\" width=\"1728\" height=\"1976\" src=\"https:\/\/indicamarketinggroup.com\/wp-content\/uploads\/2024\/07\/Frame-112-jpg.avif\" class alt srcset=\"https:\/\/indicamarketinggroup.com\/wp-content\/uploads\/2024\/07\/Frame-112-jpg.avif 1728w, https:\/\/indicamarketinggroup.com\/wp-content\/uploads\/2024\/07\/Frame-112-262x300.avif 262w, https:\/\/indicamarketinggroup.com\/wp-content\/uploads\/2024\/07\/Frame-112-895x1024.avif 895w, https:\/\/indicamarketinggroup.com\/wp-content\/uploads\/2024\/07\/Frame-112-768x878.avif 768w, https:\/\/indicamarketinggroup.com\/wp-content\/uploads\/2024\/07\/Frame-112-1343x1536.avif 1343w\" sizes=\"(max-width: 1728px) 100vw, 1728px\"><\/noscript><img decoding=\"async\" width=\"1728\" height=\"1976\" src=\"data:image\/svg+xml,%3Csvg%20xmlns%3D%22http%3A%2F%2Fwww.w3.org%2F2000%2Fsvg%22%20viewBox%3D%220%200%201728%201976%22%3E%3C%2Fsvg%3E\" class=\" lazyload\" alt srcset=\"data:image\/svg+xml,%3Csvg%20xmlns%3D%22http%3A%2F%2Fwww.w3.org%2F2000%2Fsvg%22%20viewBox%3D%220%200%201728%201976%22%3E%3C%2Fsvg%3E 1728w\" sizes=\"(max-width: 1728px) 100vw, 1728px\" data-srcset=\"https:\/\/indicamarketinggroup.com\/wp-content\/uploads\/2024\/07\/Frame-112-jpg.avif 1728w, https:\/\/indicamarketinggroup.com\/wp-content\/uploads\/2024\/07\/Frame-112-262x300.avif 262w, https:\/\/indicamarketinggroup.com\/wp-content\/uploads\/2024\/07\/Frame-112-895x1024.avif 895w, https:\/\/indicamarketinggroup.com\/wp-content\/uploads\/2024\/07\/Frame-112-768x878.avif 768w, https:\/\/indicamarketinggroup.com\/wp-content\/uploads\/2024\/07\/Frame-112-1343x1536.avif 1343w\" data-src=\"https:\/\/indicamarketinggroup.com\/wp-content\/uploads\/2024\/07\/Frame-112-jpg.avif\">            <\/div>\n        \n                    <div class=\"block-flip-grid-1--column block-flip-grid-1--content align-items-center\" data-aos=\"fade-in\" data-aos-delay=\"300\">\n                <div class=\"container\">\n                    <div class=\"block-content--inner\">\n                        <div class=\"block-content\">\n                            <div class=\"entry-content\">\n                                <h2>Une soci\u00e9t\u00e9 NMG<\/h2>\n<h3 class=\"h4\">Indica est une soci\u00e9t\u00e9 NMG<\/h3>\n<p>New Market Group (NMG), bas\u00e9 \u00e0 Newmarket (Ontario), fait partie du premier portefeuille de groupes de marketing en Am\u00e9rique du Nord. Compos\u00e9e de groupes de marketing dans les secteurs de la restauration, de l\u2019approvisionnement industriel, de l\u2019\u00e9clairage, de la d\u00e9coration int\u00e9rieure et de l\u2019\u00e9quipement de construction, NMG dispose de :<\/p>\n<ul>\n<li><strong>Plus de 750 partenaires fournisseurs<\/strong><\/li>\n<li><strong>Plus de 1050 concessionnaires, distributeurs et membres de salle d\u2019exposition<\/strong><\/li>\n<li><strong>Plus de 45 ans d\u2019expertise dans l\u2019industrie<\/strong><\/li>\n<\/ul>\n<p>Depuis 1978, NMG entretient des relations \u00e9troites avec les principaux acteurs de l\u2019industrie. Notre \u00e9quipe de gestion de longue date fournit des ressources et des conseils dans le seul but d\u2019accro\u00eetre la rentabilit\u00e9 des membres et d\u2019augmenter les volumes de ventes des partenaires fournisseurs.<\/p>\n<p>NMG conna\u00eet bien le march\u00e9 mondial et son impact sur les industries dans lesquelles elle exerce ses activit\u00e9s. En outre, NMG g\u00e8re une division d\u2019information sur les march\u00e9s et offre des services de marketing adapt\u00e9s \u00e0 votre secteur d\u2019activit\u00e9 sp\u00e9cifique, donnant \u00e0 votre entreprise les outils n\u00e9cessaires pour rester comp\u00e9titive.<\/p>\n                            <\/div>\n\n                                                            <div class=\"block-button\">\n                                    <a href=\"https:\/\/newmarketgroup.com\/\" class=\"btn btn--icon-arrow btn--primary\" target=\"_blank\">En savoir plus<\/a>\n                                <\/div>\n                                                    <\/div>\n                    <\/div>\n                <\/div>\n            <\/div>\n            <\/div>\n\n    <style>\n        @media (min-width: 60em) {\n            #block-90df02b4cb2b907c .block-content {\n                                            }\n        }\n    <\/style>\n<\/section>\n","protected":false},"excerpt":{"rendered":"","protected":false},"author":3,"featured_media":0,"parent":0,"menu_order":0,"comment_status":"closed","ping_status":"closed","template":"","meta":{"_acf_changed":true,"footnotes":""},"class_list":["post-561","page","type-page","status-publish","hentry"],"acf":[],"yoast_head":"<!-- This site is optimized with the Yoast SEO plugin v25.4 - https:\/\/yoast.com\/wordpress\/plugins\/seo\/ -->\n<title>\u00c0 propos de nous - Indica<\/title>\n<meta name=\"robots\" content=\"index, follow, max-snippet:-1, max-image-preview:large, max-video-preview:-1\" \/>\n<link rel=\"canonical\" href=\"https:\/\/indicamarketinggroup.com\/fr\/a-propos-de-nous\/\" \/>\n<meta property=\"og:locale\" content=\"fr_FR\" \/>\n<meta property=\"og:type\" content=\"article\" \/>\n<meta property=\"og:title\" content=\"\u00c0 propos de nous - Indica\" \/>\n<meta property=\"og:url\" content=\"https:\/\/indicamarketinggroup.com\/fr\/a-propos-de-nous\/\" \/>\n<meta property=\"og:site_name\" content=\"Indica\" \/>\n<meta property=\"article:modified_time\" content=\"2024-09-24T17:51:46+00:00\" \/>\n<meta name=\"twitter:card\" content=\"summary_large_image\" \/>\n<script type=\"application\/ld+json\" class=\"yoast-schema-graph\">{\"@context\":\"https:\/\/schema.org\",\"@graph\":[{\"@type\":\"WebPage\",\"@id\":\"https:\/\/indicamarketinggroup.com\/fr\/a-propos-de-nous\/\",\"url\":\"https:\/\/indicamarketinggroup.com\/fr\/a-propos-de-nous\/\",\"name\":\"\u00c0 propos de nous - Indica\",\"isPartOf\":{\"@id\":\"https:\/\/indicamarketinggroup.com\/fr\/#website\"},\"datePublished\":\"2024-06-12T08:40:25+00:00\",\"dateModified\":\"2024-09-24T17:51:46+00:00\",\"breadcrumb\":{\"@id\":\"https:\/\/indicamarketinggroup.com\/fr\/a-propos-de-nous\/#breadcrumb\"},\"inLanguage\":\"fr-FR\",\"potentialAction\":[{\"@type\":\"ReadAction\",\"target\":[\"https:\/\/indicamarketinggroup.com\/fr\/a-propos-de-nous\/\"]}]},{\"@type\":\"BreadcrumbList\",\"@id\":\"https:\/\/indicamarketinggroup.com\/fr\/a-propos-de-nous\/#breadcrumb\",\"itemListElement\":[{\"@type\":\"ListItem\",\"position\":1,\"name\":\"Home\",\"item\":\"https:\/\/indicamarketinggroup.com\/fr\/\"},{\"@type\":\"ListItem\",\"position\":2,\"name\":\"\u00c0 propos de nous\"}]},{\"@type\":\"WebSite\",\"@id\":\"https:\/\/indicamarketinggroup.com\/fr\/#website\",\"url\":\"https:\/\/indicamarketinggroup.com\/fr\/\",\"name\":\"Indica\",\"description\":\"\",\"potentialAction\":[{\"@type\":\"SearchAction\",\"target\":{\"@type\":\"EntryPoint\",\"urlTemplate\":\"https:\/\/indicamarketinggroup.com\/fr\/?s={search_term_string}\"},\"query-input\":{\"@type\":\"PropertyValueSpecification\",\"valueRequired\":true,\"valueName\":\"search_term_string\"}}],\"inLanguage\":\"fr-FR\"}]}<\/script>\n<!-- \/ Yoast SEO plugin. -->","yoast_head_json":{"title":"\u00c0 propos de nous - Indica","robots":{"index":"index","follow":"follow","max-snippet":"max-snippet:-1","max-image-preview":"max-image-preview:large","max-video-preview":"max-video-preview:-1"},"canonical":"https:\/\/indicamarketinggroup.com\/fr\/a-propos-de-nous\/","og_locale":"fr_FR","og_type":"article","og_title":"\u00c0 propos de nous - Indica","og_url":"https:\/\/indicamarketinggroup.com\/fr\/a-propos-de-nous\/","og_site_name":"Indica","article_modified_time":"2024-09-24T17:51:46+00:00","twitter_card":"summary_large_image","schema":{"@context":"https:\/\/schema.org","@graph":[{"@type":"WebPage","@id":"https:\/\/indicamarketinggroup.com\/fr\/a-propos-de-nous\/","url":"https:\/\/indicamarketinggroup.com\/fr\/a-propos-de-nous\/","name":"\u00c0 propos de nous - Indica","isPartOf":{"@id":"https:\/\/indicamarketinggroup.com\/fr\/#website"},"datePublished":"2024-06-12T08:40:25+00:00","dateModified":"2024-09-24T17:51:46+00:00","breadcrumb":{"@id":"https:\/\/indicamarketinggroup.com\/fr\/a-propos-de-nous\/#breadcrumb"},"inLanguage":"fr-FR","potentialAction":[{"@type":"ReadAction","target":["https:\/\/indicamarketinggroup.com\/fr\/a-propos-de-nous\/"]}]},{"@type":"BreadcrumbList","@id":"https:\/\/indicamarketinggroup.com\/fr\/a-propos-de-nous\/#breadcrumb","itemListElement":[{"@type":"ListItem","position":1,"name":"Home","item":"https:\/\/indicamarketinggroup.com\/fr\/"},{"@type":"ListItem","position":2,"name":"\u00c0 propos de nous"}]},{"@type":"WebSite","@id":"https:\/\/indicamarketinggroup.com\/fr\/#website","url":"https:\/\/indicamarketinggroup.com\/fr\/","name":"Indica","description":"","potentialAction":[{"@type":"SearchAction","target":{"@type":"EntryPoint","urlTemplate":"https:\/\/indicamarketinggroup.com\/fr\/?s={search_term_string}"},"query-input":{"@type":"PropertyValueSpecification","valueRequired":true,"valueName":"search_term_string"}}],"inLanguage":"fr-FR"}]}},"_links":{"self":[{"href":"https:\/\/indicamarketinggroup.com\/fr\/wp-json\/wp\/v2\/pages\/561","targetHints":{"allow":["GET"]}}],"collection":[{"href":"https:\/\/indicamarketinggroup.com\/fr\/wp-json\/wp\/v2\/pages"}],"about":[{"href":"https:\/\/indicamarketinggroup.com\/fr\/wp-json\/wp\/v2\/types\/page"}],"author":[{"embeddable":true,"href":"https:\/\/indicamarketinggroup.com\/fr\/wp-json\/wp\/v2\/users\/3"}],"replies":[{"embeddable":true,"href":"https:\/\/indicamarketinggroup.com\/fr\/wp-json\/wp\/v2\/comments?post=561"}],"version-history":[{"count":0,"href":"https:\/\/indicamarketinggroup.com\/fr\/wp-json\/wp\/v2\/pages\/561\/revisions"}],"wp:attachment":[{"href":"https:\/\/indicamarketinggroup.com\/fr\/wp-json\/wp\/v2\/media?parent=561"}],"curies":[{"name":"wp","href":"https:\/\/api.w.org\/{rel}","templated":true}]}}