{"id":562,"date":"2024-07-29T08:38:10","date_gmt":"2024-07-29T12:38:10","guid":{"rendered":"https:\/\/indicamarketinggroup.com\/?page_id=562"},"modified":"2025-04-15T14:23:55","modified_gmt":"2025-04-15T18:23:55","slug":"partenaires-fournisseurs","status":"publish","type":"page","link":"https:\/\/indicamarketinggroup.com\/fr\/partenaires-fournisseurs\/","title":{"rendered":"Partenaires fournisseurs"},"content":{"rendered":"<section id=\"block-fe1a907f1591ec73\" class=\"block block-hero-2 lazyload\" data-bg=\"https:\/\/indicamarketinggroup.com\/wp-content\/uploads\/2024\/07\/Frame-1011-scaled.avif\">\n    <div class=\"container block-hero-2--container theme-light\">\n        <div class=\"block-hero-2--body\">\n            <h1 class=\"block-hero-2--heading\">Partenaires fournisseurs<\/h1>\n        <\/div>\n    <\/div>\n\n    <style>\n        #block-fe1a907f1591ec73 {\n                                }\n    <\/style>\n<\/section>\n\n\n<section id=\"block-8a9ccb6f7da77e2a\" class=\"block block-flip-grid-1 block-flip-grid-1--image-right block-flip-grid-1--bg-colour1\">\n    <div class=\"block-flip-grid-1--grid\">\n                    <div class=\"block-flip-grid-1--column block-flip-grid-1--image align-items-center\" data-aos=\"fade-in\" data-aos-delay=\"0\">\n                <noscript><img decoding=\"async\" width=\"1728\" height=\"2052\" src=\"https:\/\/indicamarketinggroup.com\/wp-content\/uploads\/2024\/07\/Frame-268-jpg.avif\" class alt srcset=\"https:\/\/indicamarketinggroup.com\/wp-content\/uploads\/2024\/07\/Frame-268-jpg.avif 1728w, https:\/\/indicamarketinggroup.com\/wp-content\/uploads\/2024\/07\/Frame-268-253x300.avif 253w, https:\/\/indicamarketinggroup.com\/wp-content\/uploads\/2024\/07\/Frame-268-862x1024.avif 862w, https:\/\/indicamarketinggroup.com\/wp-content\/uploads\/2024\/07\/Frame-268-768x912.avif 768w, https:\/\/indicamarketinggroup.com\/wp-content\/uploads\/2024\/07\/Frame-268-1293x1536.avif 1293w, https:\/\/indicamarketinggroup.com\/wp-content\/uploads\/2024\/07\/Frame-268-1725x2048.avif 1725w\" sizes=\"(max-width: 1728px) 100vw, 1728px\"><\/noscript><img decoding=\"async\" width=\"1728\" height=\"2052\" src=\"data:image\/svg+xml,%3Csvg%20xmlns%3D%22http%3A%2F%2Fwww.w3.org%2F2000%2Fsvg%22%20viewBox%3D%220%200%201728%202052%22%3E%3C%2Fsvg%3E\" class=\" lazyload\" alt srcset=\"data:image\/svg+xml,%3Csvg%20xmlns%3D%22http%3A%2F%2Fwww.w3.org%2F2000%2Fsvg%22%20viewBox%3D%220%200%201728%202052%22%3E%3C%2Fsvg%3E 1728w\" sizes=\"(max-width: 1728px) 100vw, 1728px\" data-srcset=\"https:\/\/indicamarketinggroup.com\/wp-content\/uploads\/2024\/07\/Frame-268-jpg.avif 1728w, https:\/\/indicamarketinggroup.com\/wp-content\/uploads\/2024\/07\/Frame-268-253x300.avif 253w, https:\/\/indicamarketinggroup.com\/wp-content\/uploads\/2024\/07\/Frame-268-862x1024.avif 862w, https:\/\/indicamarketinggroup.com\/wp-content\/uploads\/2024\/07\/Frame-268-768x912.avif 768w, https:\/\/indicamarketinggroup.com\/wp-content\/uploads\/2024\/07\/Frame-268-1293x1536.avif 1293w, https:\/\/indicamarketinggroup.com\/wp-content\/uploads\/2024\/07\/Frame-268-1725x2048.avif 1725w\" data-src=\"https:\/\/indicamarketinggroup.com\/wp-content\/uploads\/2024\/07\/Frame-268-jpg.avif\">            <\/div>\n        \n                    <div class=\"block-flip-grid-1--column block-flip-grid-1--content align-items-center\" data-aos=\"fade-in\" data-aos-delay=\"300\">\n                <div class=\"container\">\n                    <div class=\"block-content--inner\">\n                        <div class=\"block-content\">\n                            <div class=\"entry-content\">\n                                <h2>Pourquoi Indica<\/h2>\n<h3>JOIGNEZ PLUS D\u2019ACHETEURS ET D\u00c9VELOPPEZ VOTRE ENTREPRISE<\/h3>\n<p>En tant que partenaire fournisseur Indica, vous b\u00e9n\u00e9ficiez d\u2019une approche cibl\u00e9e pour augmenter votre part de march\u00e9 gr\u00e2ce \u00e0 notre mod\u00e8le de groupe marketing.<\/p>\n<p>Gr\u00e2ce \u00e0 nos programmes annuels bas\u00e9s sur le volume et aux opportunit\u00e9s promotionnelles, Indica travaille en \u00e9troite collaboration avec ses membres pour mettre davantage l\u2019accent sur vos produits.<\/p>\n<h3>NOUS CONSTRUISONS DES PARTENARIATS<\/h3>\n<p>Nous travaillons en \u00e9troite collaboration avec nos partenaires fournisseurs pour renforcer la communication et stimuler la croissance gr\u00e2ce \u00e0 des programmes qui d\u00e9veloppent l\u2019entreprise. Nous sommes en contact permanent avec nos membres distributeurs pour leur fournir des commentaires, ce qui nous permet d\u2019augmenter notre part de march\u00e9.<\/p>\n<h3>L\u2019UNION FAIT LA FORCE<\/h3>\n<p>Joignez-vous \u00e0 notre r\u00e9seau et augmentez vos ventes avec plus de 500 membres Indica repr\u00e9sentant plus de 1 900 \u00e9tablissements en Am\u00e9rique du Nord.<\/p>\n                            <\/div>\n\n                                                            <div class=\"block-button\">\n                                    <a href=\"https:\/\/indicamarketinggroup.com\/fr\/contactez-nous\/\" class=\"btn btn--icon-arrow btn--primary\" target=\"\">Devenir un partenaire fournisseur<\/a>\n                                <\/div>\n                                                    <\/div>\n                    <\/div>\n                <\/div>\n            <\/div>\n            <\/div>\n\n    <style>\n        @media (min-width: 60em) {\n            #block-8a9ccb6f7da77e2a .block-content {\n                padding-top: 92px;                            }\n        }\n    <\/style>\n<\/section>\n\n\n<section id=\"block-90df02b4cb2b907c\" class=\"block block-flip-grid-1 block-flip-grid-1--image-left block-flip-grid-1--bg-colour1\">\n    <div class=\"block-flip-grid-1--grid\">\n                    <div class=\"block-flip-grid-1--column block-flip-grid-1--image align-items-center\" data-aos=\"fade-in\" data-aos-delay=\"0\">\n                <noscript><img decoding=\"async\" width=\"1728\" height=\"2210\" src=\"https:\/\/indicamarketinggroup.com\/wp-content\/uploads\/2024\/07\/Frame-1121-jpg.avif\" class alt srcset=\"https:\/\/indicamarketinggroup.com\/wp-content\/uploads\/2024\/07\/Frame-1121-jpg.avif 1728w, https:\/\/indicamarketinggroup.com\/wp-content\/uploads\/2024\/07\/Frame-1121-235x300.avif 235w, https:\/\/indicamarketinggroup.com\/wp-content\/uploads\/2024\/07\/Frame-1121-801x1024.avif 801w, https:\/\/indicamarketinggroup.com\/wp-content\/uploads\/2024\/07\/Frame-1121-768x982.avif 768w, https:\/\/indicamarketinggroup.com\/wp-content\/uploads\/2024\/07\/Frame-1121-1201x1536.avif 1201w, https:\/\/indicamarketinggroup.com\/wp-content\/uploads\/2024\/07\/Frame-1121-1601x2048.avif 1601w\" sizes=\"(max-width: 1728px) 100vw, 1728px\"><\/noscript><img decoding=\"async\" width=\"1728\" height=\"2210\" src=\"data:image\/svg+xml,%3Csvg%20xmlns%3D%22http%3A%2F%2Fwww.w3.org%2F2000%2Fsvg%22%20viewBox%3D%220%200%201728%202210%22%3E%3C%2Fsvg%3E\" class=\" lazyload\" alt srcset=\"data:image\/svg+xml,%3Csvg%20xmlns%3D%22http%3A%2F%2Fwww.w3.org%2F2000%2Fsvg%22%20viewBox%3D%220%200%201728%202210%22%3E%3C%2Fsvg%3E 1728w\" sizes=\"(max-width: 1728px) 100vw, 1728px\" data-srcset=\"https:\/\/indicamarketinggroup.com\/wp-content\/uploads\/2024\/07\/Frame-1121-jpg.avif 1728w, https:\/\/indicamarketinggroup.com\/wp-content\/uploads\/2024\/07\/Frame-1121-235x300.avif 235w, https:\/\/indicamarketinggroup.com\/wp-content\/uploads\/2024\/07\/Frame-1121-801x1024.avif 801w, https:\/\/indicamarketinggroup.com\/wp-content\/uploads\/2024\/07\/Frame-1121-768x982.avif 768w, https:\/\/indicamarketinggroup.com\/wp-content\/uploads\/2024\/07\/Frame-1121-1201x1536.avif 1201w, https:\/\/indicamarketinggroup.com\/wp-content\/uploads\/2024\/07\/Frame-1121-1601x2048.avif 1601w\" data-src=\"https:\/\/indicamarketinggroup.com\/wp-content\/uploads\/2024\/07\/Frame-1121-jpg.avif\">            <\/div>\n        \n                    <div class=\"block-flip-grid-1--column block-flip-grid-1--content align-items-center\" data-aos=\"fade-in\" data-aos-delay=\"300\">\n                <div class=\"container\">\n                    <div class=\"block-content--inner\">\n                        <div class=\"block-content\">\n                            <div class=\"entry-content\">\n                                <h2>Salon d\u2019achat annuel<\/h2>\n<h3>Sell \u2013a-rama \u2013 Salon d\u2019achats de premier plan pour les fournitures industrielles<\/h3>\n<p>Sell-A-Rama est un salon d\u2019achat renomm\u00e9 dans le secteur des fournitures industrielles. Chaque ann\u00e9e, nos membres distributeurs et partenaires fournisseurs se r\u00e9unissent pour les n\u00e9gociations en personne les plus compl\u00e8tes sur les fournitures industrielles, de construction et de s\u00e9curit\u00e9 en Am\u00e9rique du Nord.<\/p>\n<h3>ENGAGEZ-VOUS AVEC LES MEMBRES INDICA<\/h3>\n<p>Les principaux d\u00e9cideurs de nos membres distributeurs assistent chaque ann\u00e9e au Sell-A-Rama pour rencontrer et passer des commandes aupr\u00e8s de nos partenaires fournisseurs. Ces membres repr\u00e9sentent un large \u00e9ventail de distributeurs de l\u2019industrie des fournitures industrielles dans toute l\u2019Am\u00e9rique du Nord.<\/p>\n<p>Nous pr\u00e9parons le terrain pour que vous puissiez r\u00e9seauter avec d\u2019autres professionnels de l\u2019industrie, \u00e9tablir des relations et augmenter vos ventes!<\/p>\n<p>&nbsp;<\/p>\n<p><strong>Dates et lieu <\/strong><\/p>\n<p>Du 23 au 26 f\u00e9vrier 2026<\/p>\n<p>Hilton San Diego Bayfront \u00e0 San Diego, Californie<\/p>\n                            <\/div>\n\n                                                            <div class=\"block-button\">\n                                    <a href=\"https:\/\/indicamarketinggroup.com\/fr\/contactez-nous\/\" class=\"btn btn--icon-arrow btn--primary\" target=\"\">En savoir plus<\/a>\n                                <\/div>\n                                                    <\/div>\n                    <\/div>\n                <\/div>\n            <\/div>\n            <\/div>\n\n    <style>\n        @media (min-width: 60em) {\n            #block-90df02b4cb2b907c .block-content {\n                                            }\n        }\n    <\/style>\n<\/section>\n","protected":false},"excerpt":{"rendered":"","protected":false},"author":3,"featured_media":0,"parent":0,"menu_order":0,"comment_status":"closed","ping_status":"closed","template":"","meta":{"_acf_changed":true,"footnotes":""},"class_list":["post-562","page","type-page","status-publish","hentry"],"acf":[],"yoast_head":"<!-- This site is optimized with the Yoast SEO plugin v25.4 - https:\/\/yoast.com\/wordpress\/plugins\/seo\/ -->\n<title>Partenaires fournisseurs - Indica<\/title>\n<meta name=\"robots\" content=\"index, follow, max-snippet:-1, max-image-preview:large, max-video-preview:-1\" \/>\n<link rel=\"canonical\" href=\"https:\/\/indicamarketinggroup.com\/fr\/partenaires-fournisseurs\/\" \/>\n<meta property=\"og:locale\" content=\"fr_FR\" \/>\n<meta property=\"og:type\" content=\"article\" \/>\n<meta property=\"og:title\" content=\"Partenaires fournisseurs - Indica\" \/>\n<meta property=\"og:url\" content=\"https:\/\/indicamarketinggroup.com\/fr\/partenaires-fournisseurs\/\" \/>\n<meta property=\"og:site_name\" content=\"Indica\" \/>\n<meta property=\"article:modified_time\" content=\"2025-04-15T18:23:55+00:00\" \/>\n<meta name=\"twitter:card\" content=\"summary_large_image\" \/>\n<script type=\"application\/ld+json\" class=\"yoast-schema-graph\">{\"@context\":\"https:\/\/schema.org\",\"@graph\":[{\"@type\":\"WebPage\",\"@id\":\"https:\/\/indicamarketinggroup.com\/fr\/partenaires-fournisseurs\/\",\"url\":\"https:\/\/indicamarketinggroup.com\/fr\/partenaires-fournisseurs\/\",\"name\":\"Partenaires fournisseurs - Indica\",\"isPartOf\":{\"@id\":\"https:\/\/indicamarketinggroup.com\/fr\/#website\"},\"datePublished\":\"2024-07-29T12:38:10+00:00\",\"dateModified\":\"2025-04-15T18:23:55+00:00\",\"breadcrumb\":{\"@id\":\"https:\/\/indicamarketinggroup.com\/fr\/partenaires-fournisseurs\/#breadcrumb\"},\"inLanguage\":\"fr-FR\",\"potentialAction\":[{\"@type\":\"ReadAction\",\"target\":[\"https:\/\/indicamarketinggroup.com\/fr\/partenaires-fournisseurs\/\"]}]},{\"@type\":\"BreadcrumbList\",\"@id\":\"https:\/\/indicamarketinggroup.com\/fr\/partenaires-fournisseurs\/#breadcrumb\",\"itemListElement\":[{\"@type\":\"ListItem\",\"position\":1,\"name\":\"Home\",\"item\":\"https:\/\/indicamarketinggroup.com\/fr\/\"},{\"@type\":\"ListItem\",\"position\":2,\"name\":\"Partenaires fournisseurs\"}]},{\"@type\":\"WebSite\",\"@id\":\"https:\/\/indicamarketinggroup.com\/fr\/#website\",\"url\":\"https:\/\/indicamarketinggroup.com\/fr\/\",\"name\":\"Indica\",\"description\":\"\",\"potentialAction\":[{\"@type\":\"SearchAction\",\"target\":{\"@type\":\"EntryPoint\",\"urlTemplate\":\"https:\/\/indicamarketinggroup.com\/fr\/?s={search_term_string}\"},\"query-input\":{\"@type\":\"PropertyValueSpecification\",\"valueRequired\":true,\"valueName\":\"search_term_string\"}}],\"inLanguage\":\"fr-FR\"}]}<\/script>\n<!-- \/ Yoast SEO plugin. -->","yoast_head_json":{"title":"Partenaires fournisseurs - Indica","robots":{"index":"index","follow":"follow","max-snippet":"max-snippet:-1","max-image-preview":"max-image-preview:large","max-video-preview":"max-video-preview:-1"},"canonical":"https:\/\/indicamarketinggroup.com\/fr\/partenaires-fournisseurs\/","og_locale":"fr_FR","og_type":"article","og_title":"Partenaires fournisseurs - Indica","og_url":"https:\/\/indicamarketinggroup.com\/fr\/partenaires-fournisseurs\/","og_site_name":"Indica","article_modified_time":"2025-04-15T18:23:55+00:00","twitter_card":"summary_large_image","schema":{"@context":"https:\/\/schema.org","@graph":[{"@type":"WebPage","@id":"https:\/\/indicamarketinggroup.com\/fr\/partenaires-fournisseurs\/","url":"https:\/\/indicamarketinggroup.com\/fr\/partenaires-fournisseurs\/","name":"Partenaires fournisseurs - Indica","isPartOf":{"@id":"https:\/\/indicamarketinggroup.com\/fr\/#website"},"datePublished":"2024-07-29T12:38:10+00:00","dateModified":"2025-04-15T18:23:55+00:00","breadcrumb":{"@id":"https:\/\/indicamarketinggroup.com\/fr\/partenaires-fournisseurs\/#breadcrumb"},"inLanguage":"fr-FR","potentialAction":[{"@type":"ReadAction","target":["https:\/\/indicamarketinggroup.com\/fr\/partenaires-fournisseurs\/"]}]},{"@type":"BreadcrumbList","@id":"https:\/\/indicamarketinggroup.com\/fr\/partenaires-fournisseurs\/#breadcrumb","itemListElement":[{"@type":"ListItem","position":1,"name":"Home","item":"https:\/\/indicamarketinggroup.com\/fr\/"},{"@type":"ListItem","position":2,"name":"Partenaires fournisseurs"}]},{"@type":"WebSite","@id":"https:\/\/indicamarketinggroup.com\/fr\/#website","url":"https:\/\/indicamarketinggroup.com\/fr\/","name":"Indica","description":"","potentialAction":[{"@type":"SearchAction","target":{"@type":"EntryPoint","urlTemplate":"https:\/\/indicamarketinggroup.com\/fr\/?s={search_term_string}"},"query-input":{"@type":"PropertyValueSpecification","valueRequired":true,"valueName":"search_term_string"}}],"inLanguage":"fr-FR"}]}},"_links":{"self":[{"href":"https:\/\/indicamarketinggroup.com\/fr\/wp-json\/wp\/v2\/pages\/562","targetHints":{"allow":["GET"]}}],"collection":[{"href":"https:\/\/indicamarketinggroup.com\/fr\/wp-json\/wp\/v2\/pages"}],"about":[{"href":"https:\/\/indicamarketinggroup.com\/fr\/wp-json\/wp\/v2\/types\/page"}],"author":[{"embeddable":true,"href":"https:\/\/indicamarketinggroup.com\/fr\/wp-json\/wp\/v2\/users\/3"}],"replies":[{"embeddable":true,"href":"https:\/\/indicamarketinggroup.com\/fr\/wp-json\/wp\/v2\/comments?post=562"}],"version-history":[{"count":0,"href":"https:\/\/indicamarketinggroup.com\/fr\/wp-json\/wp\/v2\/pages\/562\/revisions"}],"wp:attachment":[{"href":"https:\/\/indicamarketinggroup.com\/fr\/wp-json\/wp\/v2\/media?parent=562"}],"curies":[{"name":"wp","href":"https:\/\/api.w.org\/{rel}","templated":true}]}}