{"id":563,"date":"2024-07-29T08:38:27","date_gmt":"2024-07-29T12:38:27","guid":{"rendered":"https:\/\/indicamarketinggroup.com\/?page_id=563"},"modified":"2025-04-15T14:23:33","modified_gmt":"2025-04-15T18:23:33","slug":"membres-distributeurs","status":"publish","type":"page","link":"https:\/\/indicamarketinggroup.com\/fr\/membres-distributeurs\/","title":{"rendered":"Membres distributeurs"},"content":{"rendered":"<section id=\"block-fe1a907f1591ec73\" class=\"block block-hero-2 lazyload\" data-bg=\"https:\/\/indicamarketinggroup.com\/wp-content\/uploads\/2024\/08\/indica-distributor-members-banner-scaled.avif\">\n    <div class=\"container block-hero-2--container theme-light\">\n        <div class=\"block-hero-2--body\">\n            <h1 class=\"block-hero-2--heading\">Membres distributeurs<\/h1>\n        <\/div>\n    <\/div>\n\n    <style>\n        #block-fe1a907f1591ec73 {\n                                }\n    <\/style>\n<\/section>\n\n\n<section id=\"block-8a9ccb6f7da77e2a\" class=\"block block-flip-grid-1 block-flip-grid-1--image-right block-flip-grid-1--bg-colour1\">\n    <div class=\"block-flip-grid-1--grid\">\n                    <div class=\"block-flip-grid-1--column block-flip-grid-1--image align-items-center\" data-aos=\"fade-in\" data-aos-delay=\"0\">\n                <noscript><img decoding=\"async\" width=\"1720\" height=\"2560\" src=\"https:\/\/indicamarketinggroup.com\/wp-content\/uploads\/2024\/07\/Frame-2681-scaled.avif\" class alt srcset=\"https:\/\/indicamarketinggroup.com\/wp-content\/uploads\/2024\/07\/Frame-2681-scaled.avif 1720w, https:\/\/indicamarketinggroup.com\/wp-content\/uploads\/2024\/07\/Frame-2681-202x300.avif 202w, https:\/\/indicamarketinggroup.com\/wp-content\/uploads\/2024\/07\/Frame-2681-688x1024.avif 688w, https:\/\/indicamarketinggroup.com\/wp-content\/uploads\/2024\/07\/Frame-2681-768x1143.avif 768w, https:\/\/indicamarketinggroup.com\/wp-content\/uploads\/2024\/07\/Frame-2681-1032x1536.avif 1032w, https:\/\/indicamarketinggroup.com\/wp-content\/uploads\/2024\/07\/Frame-2681-1376x2048.avif 1376w\" sizes=\"(max-width: 1720px) 100vw, 1720px\"><\/noscript><img decoding=\"async\" width=\"1720\" height=\"2560\" src=\"data:image\/svg+xml,%3Csvg%20xmlns%3D%22http%3A%2F%2Fwww.w3.org%2F2000%2Fsvg%22%20viewBox%3D%220%200%201720%202560%22%3E%3C%2Fsvg%3E\" class=\" lazyload\" alt srcset=\"data:image\/svg+xml,%3Csvg%20xmlns%3D%22http%3A%2F%2Fwww.w3.org%2F2000%2Fsvg%22%20viewBox%3D%220%200%201720%202560%22%3E%3C%2Fsvg%3E 1720w\" sizes=\"(max-width: 1720px) 100vw, 1720px\" data-srcset=\"https:\/\/indicamarketinggroup.com\/wp-content\/uploads\/2024\/07\/Frame-2681-scaled.avif 1720w, https:\/\/indicamarketinggroup.com\/wp-content\/uploads\/2024\/07\/Frame-2681-202x300.avif 202w, https:\/\/indicamarketinggroup.com\/wp-content\/uploads\/2024\/07\/Frame-2681-688x1024.avif 688w, https:\/\/indicamarketinggroup.com\/wp-content\/uploads\/2024\/07\/Frame-2681-768x1143.avif 768w, https:\/\/indicamarketinggroup.com\/wp-content\/uploads\/2024\/07\/Frame-2681-1032x1536.avif 1032w, https:\/\/indicamarketinggroup.com\/wp-content\/uploads\/2024\/07\/Frame-2681-1376x2048.avif 1376w\" data-src=\"https:\/\/indicamarketinggroup.com\/wp-content\/uploads\/2024\/07\/Frame-2681-scaled.avif\">            <\/div>\n        \n                    <div class=\"block-flip-grid-1--column block-flip-grid-1--content align-items-center\" data-aos=\"fade-in\" data-aos-delay=\"300\">\n                <div class=\"container\">\n                    <div class=\"block-content--inner\">\n                        <div class=\"block-content\">\n                            <div class=\"entry-content\">\n                                <h2>Pourquoi Indica<\/h2>\n<h3>LE POUVOIR D\u2019ACHAT D\u2019UN GROUPE AVEC LA LIBERT\u00c9 D\u2019UNE ENTREPRISE IND\u00c9PENDANTE<\/h3>\n<p>Avec Indica, vous acc\u00e9derez aux meilleures opportunit\u00e9s de nos partenaires fournisseurs gr\u00e2ce \u00e0 nos programmes et promotions annuels bas\u00e9s sur le volume.<\/p>\n<h3>AUGMENTEZ VOTRE RENTABILIT\u00c9<\/h3>\n<p>Indica travaille en \u00e9troite collaboration avec ses partenaires fournisseurs pour vous proposer des programmes et des promotions qui vous permettent de rester comp\u00e9titif.<\/p>\n<p>En consolidant et en concentrant les achats de nos membres distributeurs, nous tirons profit de notre volume de groupe substantiel pour g\u00e9n\u00e9rer des incitations de la part des partenaires fournisseurs. Nous restons en contact avec vous et votre entreprise pour identifier des opportunit\u00e9s uniques pour augmenter votre rentabilit\u00e9.<\/p>\n<h3>Le statu quo \u2014 avec un chiffre d\u2019affaires am\u00e9lior\u00e9<\/h3>\n<p>Lorsque vous joignez \u00e0 Indica, il n\u2019y a aucun changement dans vos op\u00e9rations commerciales quotidiennes. Aucun frais, cotisation ou investissement requis. Vous conservez votre ind\u00e9pendance et continuez de traiter directement avec vos fournisseurs.<\/p>\n<h3>L\u2019UNION FAIT LA FORCE<\/h3>\n<p>Joignez-vous \u00e0 notre r\u00e9seau de plus de 500 membres distributeurs, repr\u00e9sentant plus de<br \/>\n1 900 \u00e9tablissements en Am\u00e9rique du Nord. Profitez de nos partenariats avec plus de 200 fournisseurs et profitez des opportunit\u00e9s qu\u2019ils offrent.<\/p>\n                            <\/div>\n\n                                                            <div class=\"block-button\">\n                                    <a href=\"https:\/\/indicamarketinggroup.com\/fr\/contactez-nous\/\" class=\"btn btn--icon-arrow btn--primary\" target=\"\">En savoir plus<\/a>\n                                <\/div>\n                                                    <\/div>\n                    <\/div>\n                <\/div>\n            <\/div>\n            <\/div>\n\n    <style>\n        @media (min-width: 60em) {\n            #block-8a9ccb6f7da77e2a .block-content {\n                                            }\n        }\n    <\/style>\n<\/section>\n\n\n<section id=\"block-90df02b4cb2b907c\" class=\"block block-flip-grid-1 block-flip-grid-1--image-left block-flip-grid-1--bg-colour1\">\n    <div class=\"block-flip-grid-1--grid\">\n                    <div class=\"block-flip-grid-1--column block-flip-grid-1--image align-items-center\" data-aos=\"fade-in\" data-aos-delay=\"0\">\n                <noscript><img decoding=\"async\" width=\"1728\" height=\"1960\" src=\"https:\/\/indicamarketinggroup.com\/wp-content\/uploads\/2024\/07\/Frame-1122-jpg.avif\" class alt srcset=\"https:\/\/indicamarketinggroup.com\/wp-content\/uploads\/2024\/07\/Frame-1122-jpg.avif 1728w, https:\/\/indicamarketinggroup.com\/wp-content\/uploads\/2024\/07\/Frame-1122-264x300.avif 264w, https:\/\/indicamarketinggroup.com\/wp-content\/uploads\/2024\/07\/Frame-1122-903x1024.avif 903w, https:\/\/indicamarketinggroup.com\/wp-content\/uploads\/2024\/07\/Frame-1122-768x871.avif 768w, https:\/\/indicamarketinggroup.com\/wp-content\/uploads\/2024\/07\/Frame-1122-1354x1536.avif 1354w\" sizes=\"(max-width: 1728px) 100vw, 1728px\"><\/noscript><img decoding=\"async\" width=\"1728\" height=\"1960\" src=\"data:image\/svg+xml,%3Csvg%20xmlns%3D%22http%3A%2F%2Fwww.w3.org%2F2000%2Fsvg%22%20viewBox%3D%220%200%201728%201960%22%3E%3C%2Fsvg%3E\" class=\" lazyload\" alt srcset=\"data:image\/svg+xml,%3Csvg%20xmlns%3D%22http%3A%2F%2Fwww.w3.org%2F2000%2Fsvg%22%20viewBox%3D%220%200%201728%201960%22%3E%3C%2Fsvg%3E 1728w\" sizes=\"(max-width: 1728px) 100vw, 1728px\" data-srcset=\"https:\/\/indicamarketinggroup.com\/wp-content\/uploads\/2024\/07\/Frame-1122-jpg.avif 1728w, https:\/\/indicamarketinggroup.com\/wp-content\/uploads\/2024\/07\/Frame-1122-264x300.avif 264w, https:\/\/indicamarketinggroup.com\/wp-content\/uploads\/2024\/07\/Frame-1122-903x1024.avif 903w, https:\/\/indicamarketinggroup.com\/wp-content\/uploads\/2024\/07\/Frame-1122-768x871.avif 768w, https:\/\/indicamarketinggroup.com\/wp-content\/uploads\/2024\/07\/Frame-1122-1354x1536.avif 1354w\" data-src=\"https:\/\/indicamarketinggroup.com\/wp-content\/uploads\/2024\/07\/Frame-1122-jpg.avif\">            <\/div>\n        \n                    <div class=\"block-flip-grid-1--column block-flip-grid-1--content align-items-center\" data-aos=\"fade-in\" data-aos-delay=\"300\">\n                <div class=\"container\">\n                    <div class=\"block-content--inner\">\n                        <div class=\"block-content\">\n                            <div class=\"entry-content\">\n                                <h2>Salon d\u2019achat annuel<\/h2>\n<h3>SELL-A-RAMA \u2013 SALON D\u2019ACHAT DE PREMIER PLAN POUR LES FOURNITURES INDUSTRIELLES<\/h3>\n<p>Sell-A-Rama est un salon d\u2019achat renomm\u00e9 dans le secteur des fournitures industrielles. Chaque ann\u00e9e, les principaux d\u00e9cideurs de nos membres distributeurs et de nos partenaires fournisseurs se r\u00e9unissent pour les n\u00e9gociations en personne les plus compl\u00e8tes sur les fournitures industrielles, de construction et de s\u00e9curit\u00e9 en Am\u00e9rique du Nord.<\/p>\n<p>Assistez \u00e0 notre r\u00e9union annuelle des membres pour r\u00e9seauter avec vos pairs, partager des id\u00e9es et discuter des derni\u00e8res tendances et enjeux. Rencontrez en personne les partenaires fournisseurs d\u2019Indica et profitez d\u2019offres sp\u00e9ciales exclusives en plus de nos programmes annuels bas\u00e9s sur le volume.<\/p>\n<p>&nbsp;<\/p>\n<p><strong>Dates et lieu<\/strong><\/p>\n<p>Du 23 au 26 f\u00e9vrier 2026<\/p>\n<p>Hilton San Diego Bayfront \u00e0 San Diego, Californie<\/p>\n                            <\/div>\n\n                                                            <div class=\"block-button\">\n                                    <a href=\"https:\/\/indicamarketinggroup.com\/fr\/contactez-nous\/\" class=\"btn btn--icon-arrow btn--primary\" target=\"\">En savoir plus<\/a>\n                                <\/div>\n                                                    <\/div>\n                    <\/div>\n                <\/div>\n            <\/div>\n            <\/div>\n\n    <style>\n        @media (min-width: 60em) {\n            #block-90df02b4cb2b907c .block-content {\n                                            }\n        }\n    <\/style>\n<\/section>\n","protected":false},"excerpt":{"rendered":"","protected":false},"author":3,"featured_media":0,"parent":0,"menu_order":0,"comment_status":"closed","ping_status":"closed","template":"","meta":{"_acf_changed":true,"footnotes":""},"class_list":["post-563","page","type-page","status-publish","hentry"],"acf":[],"yoast_head":"<!-- This site is optimized with the Yoast SEO plugin v25.4 - https:\/\/yoast.com\/wordpress\/plugins\/seo\/ -->\n<title>Membres distributeurs - Indica<\/title>\n<meta name=\"robots\" content=\"index, follow, max-snippet:-1, max-image-preview:large, max-video-preview:-1\" \/>\n<link rel=\"canonical\" href=\"https:\/\/indicamarketinggroup.com\/fr\/membres-distributeurs\/\" \/>\n<meta property=\"og:locale\" content=\"fr_FR\" \/>\n<meta property=\"og:type\" content=\"article\" \/>\n<meta property=\"og:title\" content=\"Membres distributeurs - Indica\" \/>\n<meta property=\"og:url\" content=\"https:\/\/indicamarketinggroup.com\/fr\/membres-distributeurs\/\" \/>\n<meta property=\"og:site_name\" content=\"Indica\" \/>\n<meta property=\"article:modified_time\" content=\"2025-04-15T18:23:33+00:00\" \/>\n<meta name=\"twitter:card\" content=\"summary_large_image\" \/>\n<script type=\"application\/ld+json\" class=\"yoast-schema-graph\">{\"@context\":\"https:\/\/schema.org\",\"@graph\":[{\"@type\":\"WebPage\",\"@id\":\"https:\/\/indicamarketinggroup.com\/fr\/membres-distributeurs\/\",\"url\":\"https:\/\/indicamarketinggroup.com\/fr\/membres-distributeurs\/\",\"name\":\"Membres distributeurs - Indica\",\"isPartOf\":{\"@id\":\"https:\/\/indicamarketinggroup.com\/fr\/#website\"},\"datePublished\":\"2024-07-29T12:38:27+00:00\",\"dateModified\":\"2025-04-15T18:23:33+00:00\",\"breadcrumb\":{\"@id\":\"https:\/\/indicamarketinggroup.com\/fr\/membres-distributeurs\/#breadcrumb\"},\"inLanguage\":\"fr-FR\",\"potentialAction\":[{\"@type\":\"ReadAction\",\"target\":[\"https:\/\/indicamarketinggroup.com\/fr\/membres-distributeurs\/\"]}]},{\"@type\":\"BreadcrumbList\",\"@id\":\"https:\/\/indicamarketinggroup.com\/fr\/membres-distributeurs\/#breadcrumb\",\"itemListElement\":[{\"@type\":\"ListItem\",\"position\":1,\"name\":\"Home\",\"item\":\"https:\/\/indicamarketinggroup.com\/fr\/\"},{\"@type\":\"ListItem\",\"position\":2,\"name\":\"Membres distributeurs\"}]},{\"@type\":\"WebSite\",\"@id\":\"https:\/\/indicamarketinggroup.com\/fr\/#website\",\"url\":\"https:\/\/indicamarketinggroup.com\/fr\/\",\"name\":\"Indica\",\"description\":\"\",\"potentialAction\":[{\"@type\":\"SearchAction\",\"target\":{\"@type\":\"EntryPoint\",\"urlTemplate\":\"https:\/\/indicamarketinggroup.com\/fr\/?s={search_term_string}\"},\"query-input\":{\"@type\":\"PropertyValueSpecification\",\"valueRequired\":true,\"valueName\":\"search_term_string\"}}],\"inLanguage\":\"fr-FR\"}]}<\/script>\n<!-- \/ Yoast SEO plugin. -->","yoast_head_json":{"title":"Membres distributeurs - Indica","robots":{"index":"index","follow":"follow","max-snippet":"max-snippet:-1","max-image-preview":"max-image-preview:large","max-video-preview":"max-video-preview:-1"},"canonical":"https:\/\/indicamarketinggroup.com\/fr\/membres-distributeurs\/","og_locale":"fr_FR","og_type":"article","og_title":"Membres distributeurs - Indica","og_url":"https:\/\/indicamarketinggroup.com\/fr\/membres-distributeurs\/","og_site_name":"Indica","article_modified_time":"2025-04-15T18:23:33+00:00","twitter_card":"summary_large_image","schema":{"@context":"https:\/\/schema.org","@graph":[{"@type":"WebPage","@id":"https:\/\/indicamarketinggroup.com\/fr\/membres-distributeurs\/","url":"https:\/\/indicamarketinggroup.com\/fr\/membres-distributeurs\/","name":"Membres distributeurs - Indica","isPartOf":{"@id":"https:\/\/indicamarketinggroup.com\/fr\/#website"},"datePublished":"2024-07-29T12:38:27+00:00","dateModified":"2025-04-15T18:23:33+00:00","breadcrumb":{"@id":"https:\/\/indicamarketinggroup.com\/fr\/membres-distributeurs\/#breadcrumb"},"inLanguage":"fr-FR","potentialAction":[{"@type":"ReadAction","target":["https:\/\/indicamarketinggroup.com\/fr\/membres-distributeurs\/"]}]},{"@type":"BreadcrumbList","@id":"https:\/\/indicamarketinggroup.com\/fr\/membres-distributeurs\/#breadcrumb","itemListElement":[{"@type":"ListItem","position":1,"name":"Home","item":"https:\/\/indicamarketinggroup.com\/fr\/"},{"@type":"ListItem","position":2,"name":"Membres distributeurs"}]},{"@type":"WebSite","@id":"https:\/\/indicamarketinggroup.com\/fr\/#website","url":"https:\/\/indicamarketinggroup.com\/fr\/","name":"Indica","description":"","potentialAction":[{"@type":"SearchAction","target":{"@type":"EntryPoint","urlTemplate":"https:\/\/indicamarketinggroup.com\/fr\/?s={search_term_string}"},"query-input":{"@type":"PropertyValueSpecification","valueRequired":true,"valueName":"search_term_string"}}],"inLanguage":"fr-FR"}]}},"_links":{"self":[{"href":"https:\/\/indicamarketinggroup.com\/fr\/wp-json\/wp\/v2\/pages\/563","targetHints":{"allow":["GET"]}}],"collection":[{"href":"https:\/\/indicamarketinggroup.com\/fr\/wp-json\/wp\/v2\/pages"}],"about":[{"href":"https:\/\/indicamarketinggroup.com\/fr\/wp-json\/wp\/v2\/types\/page"}],"author":[{"embeddable":true,"href":"https:\/\/indicamarketinggroup.com\/fr\/wp-json\/wp\/v2\/users\/3"}],"replies":[{"embeddable":true,"href":"https:\/\/indicamarketinggroup.com\/fr\/wp-json\/wp\/v2\/comments?post=563"}],"version-history":[{"count":0,"href":"https:\/\/indicamarketinggroup.com\/fr\/wp-json\/wp\/v2\/pages\/563\/revisions"}],"wp:attachment":[{"href":"https:\/\/indicamarketinggroup.com\/fr\/wp-json\/wp\/v2\/media?parent=563"}],"curies":[{"name":"wp","href":"https:\/\/api.w.org\/{rel}","templated":true}]}}